{"id":6866,"date":"2024-09-25T10:20:56","date_gmt":"2024-09-25T10:20:56","guid":{"rendered":"https:\/\/larenspartner.ro\/product\/larens-bio-renew-tissue-face-mask-4-db\/"},"modified":"2024-09-25T10:20:56","modified_gmt":"2024-09-25T10:20:56","slug":"larens-bio-renew-tissue-face-mask-4-db","status":"publish","type":"product","link":"https:\/\/garofitakozmetika.hu\/ro\/product\/larens-bio-renew-tissue-face-mask-4-db\/","title":{"rendered":"Larens BIO Renew Tissue Face Mask &#8211; 4 db. &#8211;"},"content":{"rendered":"","protected":false},"excerpt":{"rendered":"<div class=\"details__short pbn ptxs spts mv0\"> Forradalmi maszk-borogat\u00e1s az arcra a BIO-Placenta n\u00f6v\u00e9nyi placent\u00e1b\u00f3l sz\u00e1rmaz\u00f3 bioakt\u00edv n\u00f6veked\u00e9si faktorok komplex\u00e9vel, regener\u00e1l\u00f3 Biopeptid Complex halkollag\u00e9n peptidekkel \u00e9s Phytodermina H Lifting\u00ae lifting oligoszacharidokkal<\/p>","protected":false},"featured_media":6479,"comment_status":"open","ping_status":"closed","template":"","meta":[],"pwb-brand":[152],"product_brand":[],"product_cat":[161],"product_tag":[150,149,162],"class_list":{"0":"post-6866","1":"product","2":"type-product","3":"status-publish","4":"has-post-thumbnail","6":"pwb-brand-larens","7":"product_cat-maszkok","8":"product_tag-arcapolas","9":"product_tag-larens-kozmeceutikumok","10":"product_tag-maszkok","13":"instock","14":"shipping-taxable","15":"purchasable","16":"product-type-simple","17":"product-grid-view"},"brands":[{"id":152,"name":"Larens","slug":"larens"}],"_links":{"self":[{"href":"https:\/\/garofitakozmetika.hu\/ro\/wp-json\/wp\/v2\/product\/6866","targetHints":{"allow":["GET"]}}],"collection":[{"href":"https:\/\/garofitakozmetika.hu\/ro\/wp-json\/wp\/v2\/product"}],"about":[{"href":"https:\/\/garofitakozmetika.hu\/ro\/wp-json\/wp\/v2\/types\/product"}],"replies":[{"embeddable":true,"href":"https:\/\/garofitakozmetika.hu\/ro\/wp-json\/wp\/v2\/comments?post=6866"}],"version-history":[{"count":0,"href":"https:\/\/garofitakozmetika.hu\/ro\/wp-json\/wp\/v2\/product\/6866\/revisions"}],"wp:featuredmedia":[{"embeddable":true,"href":"https:\/\/garofitakozmetika.hu\/ro\/wp-json\/wp\/v2\/media\/6479"}],"wp:attachment":[{"href":"https:\/\/garofitakozmetika.hu\/ro\/wp-json\/wp\/v2\/media?parent=6866"}],"wp:term":[{"taxonomy":"pwb-brand","embeddable":true,"href":"https:\/\/garofitakozmetika.hu\/ro\/wp-json\/wp\/v2\/pwb-brand?post=6866"},{"taxonomy":"product_brand","embeddable":true,"href":"https:\/\/garofitakozmetika.hu\/ro\/wp-json\/wp\/v2\/product_brand?post=6866"},{"taxonomy":"product_cat","embeddable":true,"href":"https:\/\/garofitakozmetika.hu\/ro\/wp-json\/wp\/v2\/product_cat?post=6866"},{"taxonomy":"product_tag","embeddable":true,"href":"https:\/\/garofitakozmetika.hu\/ro\/wp-json\/wp\/v2\/product_tag?post=6866"}],"curies":[{"name":"wp","href":"https:\/\/api.w.org\/{rel}","templated":true}]}}