{"id":6867,"date":"2024-09-25T10:20:58","date_gmt":"2024-09-25T10:20:58","guid":{"rendered":"https:\/\/larenspartner.ro\/product\/coffee-scrub-mask-kaves-borradir-maszk-testre-es-arcra\/"},"modified":"2024-09-25T10:20:58","modified_gmt":"2024-09-25T10:20:58","slug":"coffee-scrub-mask-kaves-borradir-maszk-testre-es-arcra","status":"publish","type":"product","link":"https:\/\/garofitakozmetika.hu\/ro\/product\/coffee-scrub-mask-kaves-borradir-maszk-testre-es-arcra\/","title":{"rendered":"Coffee Scrub &#038; Mask &#8211; K\u00e1v\u00e9s b\u0151rrad\u00edr-maszk testre \u00e9s arcra"},"content":{"rendered":"","protected":false},"excerpt":{"rendered":"<div class=\"details__short pbn ptxs spts mv0\"> Peeling maszk arcra \u00e9s testre. Kellemes k\u00e1v\u00e9s h\u00e1mlaszt\u00f3 \u00e9s karcs\u00fas\u00edt\u00f3 ritu\u00e1l\u00e9 &#8211; intenz\u00edven feszes\u00edt \u00e9s karcs\u00fas\u00edt, kisim\u00edtja a b\u0151rt.<\/p>","protected":false},"featured_media":6483,"comment_status":"open","ping_status":"closed","template":"","meta":[],"pwb-brand":[152],"product_brand":[],"product_cat":[161],"product_tag":[150,149,162],"class_list":{"0":"post-6867","1":"product","2":"type-product","3":"status-publish","4":"has-post-thumbnail","6":"pwb-brand-larens","7":"product_cat-maszkok","8":"product_tag-arcapolas","9":"product_tag-larens-kozmeceutikumok","10":"product_tag-maszkok","13":"instock","14":"shipping-taxable","15":"purchasable","16":"product-type-simple","17":"product-grid-view"},"brands":[{"id":152,"name":"Larens","slug":"larens"}],"_links":{"self":[{"href":"https:\/\/garofitakozmetika.hu\/ro\/wp-json\/wp\/v2\/product\/6867","targetHints":{"allow":["GET"]}}],"collection":[{"href":"https:\/\/garofitakozmetika.hu\/ro\/wp-json\/wp\/v2\/product"}],"about":[{"href":"https:\/\/garofitakozmetika.hu\/ro\/wp-json\/wp\/v2\/types\/product"}],"replies":[{"embeddable":true,"href":"https:\/\/garofitakozmetika.hu\/ro\/wp-json\/wp\/v2\/comments?post=6867"}],"version-history":[{"count":0,"href":"https:\/\/garofitakozmetika.hu\/ro\/wp-json\/wp\/v2\/product\/6867\/revisions"}],"wp:featuredmedia":[{"embeddable":true,"href":"https:\/\/garofitakozmetika.hu\/ro\/wp-json\/wp\/v2\/media\/6483"}],"wp:attachment":[{"href":"https:\/\/garofitakozmetika.hu\/ro\/wp-json\/wp\/v2\/media?parent=6867"}],"wp:term":[{"taxonomy":"pwb-brand","embeddable":true,"href":"https:\/\/garofitakozmetika.hu\/ro\/wp-json\/wp\/v2\/pwb-brand?post=6867"},{"taxonomy":"product_brand","embeddable":true,"href":"https:\/\/garofitakozmetika.hu\/ro\/wp-json\/wp\/v2\/product_brand?post=6867"},{"taxonomy":"product_cat","embeddable":true,"href":"https:\/\/garofitakozmetika.hu\/ro\/wp-json\/wp\/v2\/product_cat?post=6867"},{"taxonomy":"product_tag","embeddable":true,"href":"https:\/\/garofitakozmetika.hu\/ro\/wp-json\/wp\/v2\/product_tag?post=6867"}],"curies":[{"name":"wp","href":"https:\/\/api.w.org\/{rel}","templated":true}]}}