{"id":6872,"date":"2024-09-25T10:21:09","date_gmt":"2024-09-25T10:21:09","guid":{"rendered":"https:\/\/larenspartner.ro\/product\/cbd-relaxing-balm-enyhen-melegito-tonizalo-es-relaxalo-gel-testapolo-cbd-vel-kenderolajjal-es-peptidekkel\/"},"modified":"2024-09-25T10:21:09","modified_gmt":"2024-09-25T10:21:09","slug":"cbd-relaxing-balm-enyhen-melegito-tonizalo-es-relaxalo-gel-testapolo-cbd-vel-kenderolajjal-es-peptidekkel","status":"publish","type":"product","link":"https:\/\/garofitakozmetika.hu\/ro\/product\/cbd-relaxing-balm-enyhen-melegito-tonizalo-es-relaxalo-gel-testapolo-cbd-vel-kenderolajjal-es-peptidekkel\/","title":{"rendered":"CBD Relaxing Balm &#8211; Enyh\u00e9n meleg\u00edt\u0151, toniz\u00e1l\u00f3 \u00e9s relax\u00e1l\u00f3 g\u00e9l test\u00e1pol\u00f3 CBD-vel, kenderolajjal \u00e9s peptidekkel."},"content":{"rendered":"","protected":false},"excerpt":{"rendered":"<div class=\"details__short pbn ptxs spts mv0\"> Enyh\u00e9n meleg\u00edt\u0151, toniz\u00e1l\u00f3 \u00e9s relax\u00e1l\u00f3 hat\u00e1s\u00fa g\u00e9l balzsam magas CBD, kenderolaj \u00e9s biopeptid komplex tartalommal. Ide\u00e1lis relax\u00e1l\u00f3 massz\u00e1zshoz &#8211; seg\u00edt ellaz\u00edtani a testet, finoman felmeleg\u00edti \u00e9s ellaz\u00edtja a fesz\u00fclt izmokat, kellemes illat\u00e1val megnyugtatja az \u00e9rz\u00e9keket.<\/p>","protected":false},"featured_media":6507,"comment_status":"open","ping_status":"closed","template":"","meta":[],"pwb-brand":[152],"product_brand":[],"product_cat":[165],"product_tag":[149,166],"class_list":{"0":"post-6872","1":"product","2":"type-product","3":"status-publish","4":"has-post-thumbnail","6":"pwb-brand-larens","7":"product_cat-testapolas-larens-kozmeceutikumok","8":"product_tag-larens-kozmeceutikumok","9":"product_tag-testapolas","12":"instock","13":"shipping-taxable","14":"purchasable","15":"product-type-simple","16":"product-grid-view"},"brands":[{"id":152,"name":"Larens","slug":"larens"}],"_links":{"self":[{"href":"https:\/\/garofitakozmetika.hu\/ro\/wp-json\/wp\/v2\/product\/6872","targetHints":{"allow":["GET"]}}],"collection":[{"href":"https:\/\/garofitakozmetika.hu\/ro\/wp-json\/wp\/v2\/product"}],"about":[{"href":"https:\/\/garofitakozmetika.hu\/ro\/wp-json\/wp\/v2\/types\/product"}],"replies":[{"embeddable":true,"href":"https:\/\/garofitakozmetika.hu\/ro\/wp-json\/wp\/v2\/comments?post=6872"}],"version-history":[{"count":0,"href":"https:\/\/garofitakozmetika.hu\/ro\/wp-json\/wp\/v2\/product\/6872\/revisions"}],"wp:featuredmedia":[{"embeddable":true,"href":"https:\/\/garofitakozmetika.hu\/ro\/wp-json\/wp\/v2\/media\/6507"}],"wp:attachment":[{"href":"https:\/\/garofitakozmetika.hu\/ro\/wp-json\/wp\/v2\/media?parent=6872"}],"wp:term":[{"taxonomy":"pwb-brand","embeddable":true,"href":"https:\/\/garofitakozmetika.hu\/ro\/wp-json\/wp\/v2\/pwb-brand?post=6872"},{"taxonomy":"product_brand","embeddable":true,"href":"https:\/\/garofitakozmetika.hu\/ro\/wp-json\/wp\/v2\/product_brand?post=6872"},{"taxonomy":"product_cat","embeddable":true,"href":"https:\/\/garofitakozmetika.hu\/ro\/wp-json\/wp\/v2\/product_cat?post=6872"},{"taxonomy":"product_tag","embeddable":true,"href":"https:\/\/garofitakozmetika.hu\/ro\/wp-json\/wp\/v2\/product_tag?post=6872"}],"curies":[{"name":"wp","href":"https:\/\/api.w.org\/{rel}","templated":true}]}}