{"id":6892,"date":"2024-09-25T10:23:07","date_gmt":"2024-09-25T10:23:07","guid":{"rendered":"https:\/\/larenspartner.ro\/product\/arnyekolo-ecset\/"},"modified":"2024-09-25T10:23:08","modified_gmt":"2024-09-25T10:23:08","slug":"arnyekolo-ecset","status":"publish","type":"product","link":"https:\/\/garofitakozmetika.hu\/ro\/product\/arnyekolo-ecset\/","title":{"rendered":"\u00c1rny\u00e9kol\u00f3 ecset"},"content":{"rendered":"","protected":false},"excerpt":{"rendered":"<div class=\"details__short pbn ptxs spts mv0\">\n<div>K\u00f6zepes m\u00e9ret\u0171, term\u00e9szetes s\u00f6rt\u00e9kb\u0151l k\u00e9sz\u00fclt ecset. Prec\u00edz \u00e9s t\u00f6bbfeladat\u00fa, ide\u00e1lis szemh\u00e9jfest\u00e9k felvitel\u00e9hez. J\u00f3l bev\u00e1lik blendel\u00e9skor, elken\u00e9skor, \u00e1rny\u00e9k felvitelekor a szempillavonalon. Haszn\u00e1lat m\u00f3dja: szemsmink, szemh\u00e9jfest\u00e9k felvitele \u00e9s elkever\u00e9se<\/div>\n<div><\/div>","protected":false},"featured_media":6625,"comment_status":"open","ping_status":"closed","template":"","meta":[],"pwb-brand":[191],"product_brand":[],"product_cat":[193],"product_tag":[189,195,194],"class_list":{"0":"post-6892","1":"product","2":"type-product","3":"status-publish","4":"has-post-thumbnail","6":"pwb-brand-larens-colour","7":"product_cat-smink-ecsetek","8":"product_tag-make-up-larens-colour","9":"product_tag-smink-ecsetek","10":"product_tag-smink-kiegeszitok","13":"instock","14":"shipping-taxable","15":"purchasable","16":"product-type-simple","17":"product-grid-view"},"brands":[{"id":191,"name":"Larens Colour","slug":"larens-colour"}],"_links":{"self":[{"href":"https:\/\/garofitakozmetika.hu\/ro\/wp-json\/wp\/v2\/product\/6892","targetHints":{"allow":["GET"]}}],"collection":[{"href":"https:\/\/garofitakozmetika.hu\/ro\/wp-json\/wp\/v2\/product"}],"about":[{"href":"https:\/\/garofitakozmetika.hu\/ro\/wp-json\/wp\/v2\/types\/product"}],"replies":[{"embeddable":true,"href":"https:\/\/garofitakozmetika.hu\/ro\/wp-json\/wp\/v2\/comments?post=6892"}],"version-history":[{"count":0,"href":"https:\/\/garofitakozmetika.hu\/ro\/wp-json\/wp\/v2\/product\/6892\/revisions"}],"wp:featuredmedia":[{"embeddable":true,"href":"https:\/\/garofitakozmetika.hu\/ro\/wp-json\/wp\/v2\/media\/6625"}],"wp:attachment":[{"href":"https:\/\/garofitakozmetika.hu\/ro\/wp-json\/wp\/v2\/media?parent=6892"}],"wp:term":[{"taxonomy":"pwb-brand","embeddable":true,"href":"https:\/\/garofitakozmetika.hu\/ro\/wp-json\/wp\/v2\/pwb-brand?post=6892"},{"taxonomy":"product_brand","embeddable":true,"href":"https:\/\/garofitakozmetika.hu\/ro\/wp-json\/wp\/v2\/product_brand?post=6892"},{"taxonomy":"product_cat","embeddable":true,"href":"https:\/\/garofitakozmetika.hu\/ro\/wp-json\/wp\/v2\/product_cat?post=6892"},{"taxonomy":"product_tag","embeddable":true,"href":"https:\/\/garofitakozmetika.hu\/ro\/wp-json\/wp\/v2\/product_tag?post=6892"}],"curies":[{"name":"wp","href":"https:\/\/api.w.org\/{rel}","templated":true}]}}