{"id":6899,"date":"2024-09-25T10:23:19","date_gmt":"2024-09-25T10:23:19","guid":{"rendered":"https:\/\/larenspartner.ro\/product\/larens-colour-koffer\/"},"modified":"2024-09-25T10:23:19","modified_gmt":"2024-09-25T10:23:19","slug":"larens-colour-koffer","status":"publish","type":"product","link":"https:\/\/garofitakozmetika.hu\/ro\/product\/larens-colour-koffer\/","title":{"rendered":"Larens Colour koffer"},"content":{"rendered":"","protected":false},"excerpt":{"rendered":"<div class=\"details__short pbn ptxs spts mv0\"> Professzion\u00e1lis Larens Colour koffer nagy rekesszel \u00e9s n\u00e9gy kisebb \u00f6sszecsukhat\u00f3 rekesszel.<\/p>","protected":false},"featured_media":6643,"comment_status":"open","ping_status":"closed","template":"","meta":[],"pwb-brand":[191],"product_brand":[],"product_cat":[198],"product_tag":[189,194,199],"class_list":{"0":"post-6899","1":"product","2":"type-product","3":"status-publish","4":"has-post-thumbnail","6":"pwb-brand-larens-colour","7":"product_cat-szervezok","8":"product_tag-make-up-larens-colour","9":"product_tag-smink-kiegeszitok","10":"product_tag-szervezok","13":"instock","14":"shipping-taxable","15":"purchasable","16":"product-type-simple","17":"product-grid-view"},"brands":[{"id":191,"name":"Larens Colour","slug":"larens-colour"}],"_links":{"self":[{"href":"https:\/\/garofitakozmetika.hu\/ro\/wp-json\/wp\/v2\/product\/6899","targetHints":{"allow":["GET"]}}],"collection":[{"href":"https:\/\/garofitakozmetika.hu\/ro\/wp-json\/wp\/v2\/product"}],"about":[{"href":"https:\/\/garofitakozmetika.hu\/ro\/wp-json\/wp\/v2\/types\/product"}],"replies":[{"embeddable":true,"href":"https:\/\/garofitakozmetika.hu\/ro\/wp-json\/wp\/v2\/comments?post=6899"}],"version-history":[{"count":0,"href":"https:\/\/garofitakozmetika.hu\/ro\/wp-json\/wp\/v2\/product\/6899\/revisions"}],"wp:featuredmedia":[{"embeddable":true,"href":"https:\/\/garofitakozmetika.hu\/ro\/wp-json\/wp\/v2\/media\/6643"}],"wp:attachment":[{"href":"https:\/\/garofitakozmetika.hu\/ro\/wp-json\/wp\/v2\/media?parent=6899"}],"wp:term":[{"taxonomy":"pwb-brand","embeddable":true,"href":"https:\/\/garofitakozmetika.hu\/ro\/wp-json\/wp\/v2\/pwb-brand?post=6899"},{"taxonomy":"product_brand","embeddable":true,"href":"https:\/\/garofitakozmetika.hu\/ro\/wp-json\/wp\/v2\/product_brand?post=6899"},{"taxonomy":"product_cat","embeddable":true,"href":"https:\/\/garofitakozmetika.hu\/ro\/wp-json\/wp\/v2\/product_cat?post=6899"},{"taxonomy":"product_tag","embeddable":true,"href":"https:\/\/garofitakozmetika.hu\/ro\/wp-json\/wp\/v2\/product_tag?post=6899"}],"curies":[{"name":"wp","href":"https:\/\/api.w.org\/{rel}","templated":true}]}}