{"id":6901,"date":"2024-09-25T10:23:22","date_gmt":"2024-09-25T10:23:22","guid":{"rendered":"https:\/\/larenspartner.ro\/product\/synbio-complex-triphala-booster-szinbiotikum-triphala-keverekkel-kombinalva-a-belrendszer-egeszsegeert\/"},"modified":"2024-09-25T10:23:22","modified_gmt":"2024-09-25T10:23:22","slug":"synbio-complex-triphala-booster-szinbiotikum-triphala-keverekkel-kombinalva-a-belrendszer-egeszsegeert","status":"publish","type":"product","link":"https:\/\/garofitakozmetika.hu\/ro\/product\/synbio-complex-triphala-booster-szinbiotikum-triphala-keverekkel-kombinalva-a-belrendszer-egeszsegeert\/","title":{"rendered":"Synbio Complex &#038; Triphala Booster &#8211; Szinbiotikum triphala kever\u00e9kkel kombin\u00e1lva a b\u00e9lrendszer eg\u00e9szs\u00e9g\u00e9\u00e9rt"},"content":{"rendered":"","protected":false},"excerpt":{"rendered":"<div class=\"details__short pbn ptxs spts mv0\">\n<div>Innovat\u00edv \u00e9trend-kieg\u00e9sz\u00edt\u0151 du\u00f3: szinbiotikum \u00e9s triphala n\u00f6v\u00e9nyi kivonatok kever\u00e9ke. K\u00e9t \u00e9trend-kieg\u00e9sz\u00edt\u0151 kombin\u00e1ci\u00f3ja a megfelel\u0151 em\u00e9szt\u00e9si funkci\u00f3, a mikrobiom \u00e1llapot\u00e1nak \u00e9s az ehhez kapcsol\u00f3d\u00f3 hasi komfort\u00e9rzet \u00e9s j\u00f3l\u00e9t t\u00e1mogat\u00e1s\u00e1ra.<\/div>","protected":false},"featured_media":6647,"comment_status":"open","ping_status":"closed","template":"","meta":[],"pwb-brand":[206],"product_brand":[],"product_cat":[202],"product_tag":[204,203,205],"class_list":{"0":"post-6901","1":"product","2":"type-product","3":"status-publish","4":"has-post-thumbnail","6":"pwb-brand-nutrivi","7":"product_cat-haj-es-korom","8":"product_tag-bor","9":"product_tag-etrend-kiegeszitok-nutrivi","10":"product_tag-haj-es-korom","13":"instock","14":"shipping-taxable","15":"purchasable","16":"product-type-simple","17":"product-grid-view"},"brands":[{"id":206,"name":"Nutrivi","slug":"nutrivi"}],"_links":{"self":[{"href":"https:\/\/garofitakozmetika.hu\/ro\/wp-json\/wp\/v2\/product\/6901","targetHints":{"allow":["GET"]}}],"collection":[{"href":"https:\/\/garofitakozmetika.hu\/ro\/wp-json\/wp\/v2\/product"}],"about":[{"href":"https:\/\/garofitakozmetika.hu\/ro\/wp-json\/wp\/v2\/types\/product"}],"replies":[{"embeddable":true,"href":"https:\/\/garofitakozmetika.hu\/ro\/wp-json\/wp\/v2\/comments?post=6901"}],"version-history":[{"count":0,"href":"https:\/\/garofitakozmetika.hu\/ro\/wp-json\/wp\/v2\/product\/6901\/revisions"}],"wp:featuredmedia":[{"embeddable":true,"href":"https:\/\/garofitakozmetika.hu\/ro\/wp-json\/wp\/v2\/media\/6647"}],"wp:attachment":[{"href":"https:\/\/garofitakozmetika.hu\/ro\/wp-json\/wp\/v2\/media?parent=6901"}],"wp:term":[{"taxonomy":"pwb-brand","embeddable":true,"href":"https:\/\/garofitakozmetika.hu\/ro\/wp-json\/wp\/v2\/pwb-brand?post=6901"},{"taxonomy":"product_brand","embeddable":true,"href":"https:\/\/garofitakozmetika.hu\/ro\/wp-json\/wp\/v2\/product_brand?post=6901"},{"taxonomy":"product_cat","embeddable":true,"href":"https:\/\/garofitakozmetika.hu\/ro\/wp-json\/wp\/v2\/product_cat?post=6901"},{"taxonomy":"product_tag","embeddable":true,"href":"https:\/\/garofitakozmetika.hu\/ro\/wp-json\/wp\/v2\/product_tag?post=6901"}],"curies":[{"name":"wp","href":"https:\/\/api.w.org\/{rel}","templated":true}]}}