{"id":6904,"date":"2024-09-25T10:23:28","date_gmt":"2024-09-25T10:23:28","guid":{"rendered":"https:\/\/larenspartner.ro\/product\/holistic-peptide-complex\/"},"modified":"2024-09-25T10:23:28","modified_gmt":"2024-09-25T10:23:28","slug":"holistic-peptide-complex","status":"publish","type":"product","link":"https:\/\/garofitakozmetika.hu\/ro\/product\/holistic-peptide-complex\/","title":{"rendered":"Holistic Peptide Complex"},"content":{"rendered":"","protected":false},"excerpt":{"rendered":"<div class=\"details__short pbn ptxs spts mv0\"> A fagyasztva sz\u00e1r\u00edtott hal kollag\u00e9n \u00f6sszet\u00e9tele pr\u00e9mium hat\u00f3anyagokkal. Az immunrendszer t\u00e1mogat\u00e1s\u00e1ra, a szabad gy\u00f6k\u00f6k semleges\u00edt\u00e9s\u00e9re \u00e9s a megel\u0151z\u0151 eg\u00e9szs\u00e9gre kifejlesztve, az eg\u00e9szs\u00e9g holisztikus megk\u00f6zel\u00edt\u00e9s\u00e9vel \u00f6sszhangban. V\u00edzben feloldand\u00f3 \u00e9trend-kieg\u00e9sz\u00edt\u0151.<\/p>","protected":false},"featured_media":6656,"comment_status":"open","ping_status":"closed","template":"","meta":[],"pwb-brand":[206],"product_brand":[],"product_cat":[202],"product_tag":[204,203,205],"class_list":{"0":"post-6904","1":"product","2":"type-product","3":"status-publish","4":"has-post-thumbnail","6":"pwb-brand-nutrivi","7":"product_cat-haj-es-korom","8":"product_tag-bor","9":"product_tag-etrend-kiegeszitok-nutrivi","10":"product_tag-haj-es-korom","13":"instock","14":"shipping-taxable","15":"purchasable","16":"product-type-simple","17":"product-grid-view"},"brands":[{"id":206,"name":"Nutrivi","slug":"nutrivi"}],"_links":{"self":[{"href":"https:\/\/garofitakozmetika.hu\/ro\/wp-json\/wp\/v2\/product\/6904","targetHints":{"allow":["GET"]}}],"collection":[{"href":"https:\/\/garofitakozmetika.hu\/ro\/wp-json\/wp\/v2\/product"}],"about":[{"href":"https:\/\/garofitakozmetika.hu\/ro\/wp-json\/wp\/v2\/types\/product"}],"replies":[{"embeddable":true,"href":"https:\/\/garofitakozmetika.hu\/ro\/wp-json\/wp\/v2\/comments?post=6904"}],"version-history":[{"count":0,"href":"https:\/\/garofitakozmetika.hu\/ro\/wp-json\/wp\/v2\/product\/6904\/revisions"}],"wp:featuredmedia":[{"embeddable":true,"href":"https:\/\/garofitakozmetika.hu\/ro\/wp-json\/wp\/v2\/media\/6656"}],"wp:attachment":[{"href":"https:\/\/garofitakozmetika.hu\/ro\/wp-json\/wp\/v2\/media?parent=6904"}],"wp:term":[{"taxonomy":"pwb-brand","embeddable":true,"href":"https:\/\/garofitakozmetika.hu\/ro\/wp-json\/wp\/v2\/pwb-brand?post=6904"},{"taxonomy":"product_brand","embeddable":true,"href":"https:\/\/garofitakozmetika.hu\/ro\/wp-json\/wp\/v2\/product_brand?post=6904"},{"taxonomy":"product_cat","embeddable":true,"href":"https:\/\/garofitakozmetika.hu\/ro\/wp-json\/wp\/v2\/product_cat?post=6904"},{"taxonomy":"product_tag","embeddable":true,"href":"https:\/\/garofitakozmetika.hu\/ro\/wp-json\/wp\/v2\/product_tag?post=6904"}],"curies":[{"name":"wp","href":"https:\/\/api.w.org\/{rel}","templated":true}]}}