{"id":6906,"date":"2024-09-25T10:23:31","date_gmt":"2024-09-25T10:23:31","guid":{"rendered":"https:\/\/larenspartner.ro\/product\/lipovitum-c-liposzomalis-c-vitamin-folyekony-formaban\/"},"modified":"2024-09-25T10:23:31","modified_gmt":"2024-09-25T10:23:31","slug":"lipovitum-c-liposzomalis-c-vitamin-folyekony-formaban","status":"publish","type":"product","link":"https:\/\/garofitakozmetika.hu\/ro\/product\/lipovitum-c-liposzomalis-c-vitamin-folyekony-formaban\/","title":{"rendered":"LipoVitum C &#8211; Liposzom\u00e1lis C-vitamin foly\u00e9kony form\u00e1ban"},"content":{"rendered":"","protected":false},"excerpt":{"rendered":"<div class=\"details__short pbn ptxs spts mv0\"> Liposz\u00f3m\u00e1lis C-vitamin foly\u00e9kony, k\u00f6nnyen em\u00e9szthet\u0151 form\u00e1ban.<\/p>","protected":false},"featured_media":6663,"comment_status":"open","ping_status":"closed","template":"","meta":[],"pwb-brand":[206],"product_brand":[],"product_cat":[202],"product_tag":[204,203,205],"class_list":{"0":"post-6906","1":"product","2":"type-product","3":"status-publish","4":"has-post-thumbnail","6":"pwb-brand-nutrivi","7":"product_cat-haj-es-korom","8":"product_tag-bor","9":"product_tag-etrend-kiegeszitok-nutrivi","10":"product_tag-haj-es-korom","13":"instock","14":"shipping-taxable","15":"purchasable","16":"product-type-simple","17":"product-grid-view"},"brands":[{"id":206,"name":"Nutrivi","slug":"nutrivi"}],"_links":{"self":[{"href":"https:\/\/garofitakozmetika.hu\/ro\/wp-json\/wp\/v2\/product\/6906","targetHints":{"allow":["GET"]}}],"collection":[{"href":"https:\/\/garofitakozmetika.hu\/ro\/wp-json\/wp\/v2\/product"}],"about":[{"href":"https:\/\/garofitakozmetika.hu\/ro\/wp-json\/wp\/v2\/types\/product"}],"replies":[{"embeddable":true,"href":"https:\/\/garofitakozmetika.hu\/ro\/wp-json\/wp\/v2\/comments?post=6906"}],"version-history":[{"count":0,"href":"https:\/\/garofitakozmetika.hu\/ro\/wp-json\/wp\/v2\/product\/6906\/revisions"}],"wp:featuredmedia":[{"embeddable":true,"href":"https:\/\/garofitakozmetika.hu\/ro\/wp-json\/wp\/v2\/media\/6663"}],"wp:attachment":[{"href":"https:\/\/garofitakozmetika.hu\/ro\/wp-json\/wp\/v2\/media?parent=6906"}],"wp:term":[{"taxonomy":"pwb-brand","embeddable":true,"href":"https:\/\/garofitakozmetika.hu\/ro\/wp-json\/wp\/v2\/pwb-brand?post=6906"},{"taxonomy":"product_brand","embeddable":true,"href":"https:\/\/garofitakozmetika.hu\/ro\/wp-json\/wp\/v2\/product_brand?post=6906"},{"taxonomy":"product_cat","embeddable":true,"href":"https:\/\/garofitakozmetika.hu\/ro\/wp-json\/wp\/v2\/product_cat?post=6906"},{"taxonomy":"product_tag","embeddable":true,"href":"https:\/\/garofitakozmetika.hu\/ro\/wp-json\/wp\/v2\/product_tag?post=6906"}],"curies":[{"name":"wp","href":"https:\/\/api.w.org\/{rel}","templated":true}]}}