{"id":6907,"date":"2024-09-25T10:23:33","date_gmt":"2024-09-25T10:23:33","guid":{"rendered":"https:\/\/larenspartner.ro\/product\/vitamin-c-etrend-kiegeszito\/"},"modified":"2024-09-25T10:23:33","modified_gmt":"2024-09-25T10:23:33","slug":"vitamin-c-etrend-kiegeszito","status":"publish","type":"product","link":"https:\/\/garofitakozmetika.hu\/ro\/product\/vitamin-c-etrend-kiegeszito\/","title":{"rendered":"Vitamin C+ \u00e9trend-kieg\u00e9sz\u00edt\u0151"},"content":{"rendered":"","protected":false},"excerpt":{"rendered":"<div class=\"details__short pbn ptxs spts mv0\"> Szabv\u00e1nyos\u00edtott C-vitamin-tartalm\u00fa \u00e9trend-kieg\u00e9sz\u00edt\u0151, amelyhez szil\u00edcium, diozmin \u00e9s heszperidin t\u00e1rsul a legjobban felsz\u00edv\u00f3d\u00f3 form\u00e1ban. N\u00f6v\u00e9nyi kivonatok egyed\u00fcl\u00e1ll\u00f3 \u00f6sszet\u00e9tele, 100%-ban term\u00e9szetes eredet\u0171.<\/p>","protected":false},"featured_media":6668,"comment_status":"open","ping_status":"closed","template":"","meta":[],"pwb-brand":[206],"product_brand":[],"product_cat":[202],"product_tag":[204,203,205],"class_list":{"0":"post-6907","1":"product","2":"type-product","3":"status-publish","4":"has-post-thumbnail","6":"pwb-brand-nutrivi","7":"product_cat-haj-es-korom","8":"product_tag-bor","9":"product_tag-etrend-kiegeszitok-nutrivi","10":"product_tag-haj-es-korom","13":"instock","14":"shipping-taxable","15":"purchasable","16":"product-type-simple","17":"product-grid-view"},"brands":[{"id":206,"name":"Nutrivi","slug":"nutrivi"}],"_links":{"self":[{"href":"https:\/\/garofitakozmetika.hu\/ro\/wp-json\/wp\/v2\/product\/6907","targetHints":{"allow":["GET"]}}],"collection":[{"href":"https:\/\/garofitakozmetika.hu\/ro\/wp-json\/wp\/v2\/product"}],"about":[{"href":"https:\/\/garofitakozmetika.hu\/ro\/wp-json\/wp\/v2\/types\/product"}],"replies":[{"embeddable":true,"href":"https:\/\/garofitakozmetika.hu\/ro\/wp-json\/wp\/v2\/comments?post=6907"}],"version-history":[{"count":0,"href":"https:\/\/garofitakozmetika.hu\/ro\/wp-json\/wp\/v2\/product\/6907\/revisions"}],"wp:featuredmedia":[{"embeddable":true,"href":"https:\/\/garofitakozmetika.hu\/ro\/wp-json\/wp\/v2\/media\/6668"}],"wp:attachment":[{"href":"https:\/\/garofitakozmetika.hu\/ro\/wp-json\/wp\/v2\/media?parent=6907"}],"wp:term":[{"taxonomy":"pwb-brand","embeddable":true,"href":"https:\/\/garofitakozmetika.hu\/ro\/wp-json\/wp\/v2\/pwb-brand?post=6907"},{"taxonomy":"product_brand","embeddable":true,"href":"https:\/\/garofitakozmetika.hu\/ro\/wp-json\/wp\/v2\/product_brand?post=6907"},{"taxonomy":"product_cat","embeddable":true,"href":"https:\/\/garofitakozmetika.hu\/ro\/wp-json\/wp\/v2\/product_cat?post=6907"},{"taxonomy":"product_tag","embeddable":true,"href":"https:\/\/garofitakozmetika.hu\/ro\/wp-json\/wp\/v2\/product_tag?post=6907"}],"curies":[{"name":"wp","href":"https:\/\/api.w.org\/{rel}","templated":true}]}}