{"id":6913,"date":"2024-09-25T10:23:54","date_gmt":"2024-09-25T10:23:54","guid":{"rendered":"https:\/\/larenspartner.ro\/product\/good-life-day-night-2-x-30-kapsz-novenyi-kivonatok-kapszulaban-a-jo-reggelt-es-a-jo-ejszakat-illetoen\/"},"modified":"2024-09-25T10:23:55","modified_gmt":"2024-09-25T10:23:55","slug":"good-life-day-night-2-x-30-kapsz-novenyi-kivonatok-kapszulaban-a-jo-reggelt-es-a-jo-ejszakat-illetoen","status":"publish","type":"product","link":"https:\/\/garofitakozmetika.hu\/ro\/product\/good-life-day-night-2-x-30-kapsz-novenyi-kivonatok-kapszulaban-a-jo-reggelt-es-a-jo-ejszakat-illetoen\/","title":{"rendered":"Good Life Day &#038; Night 2 x 30 kapsz. &#8211; N\u00f6v\u00e9nyi kivonatok kapszul\u00e1ban a j\u00f3 reggelt \u00e9s a j\u00f3 \u00e9jszak\u00e1t illet\u0151en"},"content":{"rendered":"","protected":false},"excerpt":{"rendered":"<div class=\"details__short pbn ptxs spts mv0\"> N\u00f6v\u00e9nyi kivonatok t\u00f6bb \u00f6sszetev\u0151b\u0151l \u00e1ll\u00f3 kompoz\u00edci\u00f3ja a nap ind\u00edt\u00e1s\u00e1hoz \u00e9s befejez\u00e9s\u00e9hez. Teljes \u00e9rt\u00e9k\u0171 \u00e9trend-kieg\u00e9sz\u00edt\u0151, amely k\u00e9tf\u00e1zis\u00fa formul\u00e1j\u00e1nak k\u00f6sz\u00f6nhet\u0151en harm\u00f3ni\u00e1ban m\u0171k\u00f6dik a szervezet napszakos ritmus\u00e1val. Olyan hat\u00f3anyagokat tartalmaz, mint a vitania lomha, amely t\u00e1mogatja a szervezet vitalit\u00e1s\u00e1t, \u00e9s a koml\u00f3, amely j\u00f3t tesz az alv\u00e1si neh\u00e9zs\u00e9geknek.<\/p>","protected":false},"featured_media":6694,"comment_status":"open","ping_status":"closed","template":"","meta":[],"pwb-brand":[206],"product_brand":[],"product_cat":[212],"product_tag":[213,203,214],"class_list":{"0":"post-6913","1":"product","2":"type-product","3":"status-publish","4":"has-post-thumbnail","6":"pwb-brand-nutrivi","7":"product_cat-memoria-es-koncentracio","8":"product_tag-energia","9":"product_tag-etrend-kiegeszitok-nutrivi","10":"product_tag-memoria-es-koncentracio","13":"instock","14":"shipping-taxable","15":"purchasable","16":"product-type-simple","17":"product-grid-view"},"brands":[{"id":206,"name":"Nutrivi","slug":"nutrivi"}],"_links":{"self":[{"href":"https:\/\/garofitakozmetika.hu\/ro\/wp-json\/wp\/v2\/product\/6913","targetHints":{"allow":["GET"]}}],"collection":[{"href":"https:\/\/garofitakozmetika.hu\/ro\/wp-json\/wp\/v2\/product"}],"about":[{"href":"https:\/\/garofitakozmetika.hu\/ro\/wp-json\/wp\/v2\/types\/product"}],"replies":[{"embeddable":true,"href":"https:\/\/garofitakozmetika.hu\/ro\/wp-json\/wp\/v2\/comments?post=6913"}],"version-history":[{"count":0,"href":"https:\/\/garofitakozmetika.hu\/ro\/wp-json\/wp\/v2\/product\/6913\/revisions"}],"wp:featuredmedia":[{"embeddable":true,"href":"https:\/\/garofitakozmetika.hu\/ro\/wp-json\/wp\/v2\/media\/6694"}],"wp:attachment":[{"href":"https:\/\/garofitakozmetika.hu\/ro\/wp-json\/wp\/v2\/media?parent=6913"}],"wp:term":[{"taxonomy":"pwb-brand","embeddable":true,"href":"https:\/\/garofitakozmetika.hu\/ro\/wp-json\/wp\/v2\/pwb-brand?post=6913"},{"taxonomy":"product_brand","embeddable":true,"href":"https:\/\/garofitakozmetika.hu\/ro\/wp-json\/wp\/v2\/product_brand?post=6913"},{"taxonomy":"product_cat","embeddable":true,"href":"https:\/\/garofitakozmetika.hu\/ro\/wp-json\/wp\/v2\/product_cat?post=6913"},{"taxonomy":"product_tag","embeddable":true,"href":"https:\/\/garofitakozmetika.hu\/ro\/wp-json\/wp\/v2\/product_tag?post=6913"}],"curies":[{"name":"wp","href":"https:\/\/api.w.org\/{rel}","templated":true}]}}