{"id":6920,"date":"2024-09-25T10:24:50","date_gmt":"2024-09-25T10:24:50","guid":{"rendered":"https:\/\/larenspartner.ro\/product\/pumpas-200-ml\/"},"modified":"2024-09-25T10:24:50","modified_gmt":"2024-09-25T10:24:50","slug":"pumpas-200-ml","status":"publish","type":"product","link":"https:\/\/garofitakozmetika.hu\/ro\/product\/pumpas-200-ml\/","title":{"rendered":"Pump\u00e1s 200 ml"},"content":{"rendered":"","protected":false},"excerpt":{"rendered":"<div class=\"details__short pbn ptxs spts mv0\">\n<p>A <span style=\"font-weight: bold;\">Larens<\/span> <span style=\"font-weight: bold;\">Repair+ Milk, <span style=\"text-align: justify;\">Larens Repair+ Toner, <\/span><span style=\"text-align: justify;\">Collagen Peptide Face &amp; Body Wash<\/span><\/span> szivatty\u00faja lehet\u0151v\u00e9 teszi a term\u00e9k pontos adagol\u00e1s\u00e1t. Ez biztos\u00edtja a teljes csomag term\u00e9k maxim\u00e1lis felhaszn\u00e1l\u00e1s\u00e1t, an\u00e9lk\u00fcl, hogy egyetlen cseppet is elpazarolna. Nulla hullad\u00e9k!<\/p>","protected":false},"featured_media":6723,"comment_status":"open","ping_status":"closed","template":"","meta":[],"pwb-brand":[231],"product_brand":[],"product_cat":[236],"product_tag":[237],"class_list":{"0":"post-6920","1":"product","2":"type-product","3":"status-publish","4":"has-post-thumbnail","6":"pwb-brand-cannavi","7":"product_cat-tartozekok","8":"product_tag-tartozekok","11":"instock","12":"shipping-taxable","13":"purchasable","14":"product-type-simple","15":"product-grid-view"},"brands":[{"id":231,"name":"Cannavi","slug":"cannavi"}],"_links":{"self":[{"href":"https:\/\/garofitakozmetika.hu\/ro\/wp-json\/wp\/v2\/product\/6920","targetHints":{"allow":["GET"]}}],"collection":[{"href":"https:\/\/garofitakozmetika.hu\/ro\/wp-json\/wp\/v2\/product"}],"about":[{"href":"https:\/\/garofitakozmetika.hu\/ro\/wp-json\/wp\/v2\/types\/product"}],"replies":[{"embeddable":true,"href":"https:\/\/garofitakozmetika.hu\/ro\/wp-json\/wp\/v2\/comments?post=6920"}],"version-history":[{"count":0,"href":"https:\/\/garofitakozmetika.hu\/ro\/wp-json\/wp\/v2\/product\/6920\/revisions"}],"wp:featuredmedia":[{"embeddable":true,"href":"https:\/\/garofitakozmetika.hu\/ro\/wp-json\/wp\/v2\/media\/6723"}],"wp:attachment":[{"href":"https:\/\/garofitakozmetika.hu\/ro\/wp-json\/wp\/v2\/media?parent=6920"}],"wp:term":[{"taxonomy":"pwb-brand","embeddable":true,"href":"https:\/\/garofitakozmetika.hu\/ro\/wp-json\/wp\/v2\/pwb-brand?post=6920"},{"taxonomy":"product_brand","embeddable":true,"href":"https:\/\/garofitakozmetika.hu\/ro\/wp-json\/wp\/v2\/product_brand?post=6920"},{"taxonomy":"product_cat","embeddable":true,"href":"https:\/\/garofitakozmetika.hu\/ro\/wp-json\/wp\/v2\/product_cat?post=6920"},{"taxonomy":"product_tag","embeddable":true,"href":"https:\/\/garofitakozmetika.hu\/ro\/wp-json\/wp\/v2\/product_tag?post=6920"}],"curies":[{"name":"wp","href":"https:\/\/api.w.org\/{rel}","templated":true}]}}