{"id":6925,"date":"2024-09-25T10:51:10","date_gmt":"2024-09-25T10:51:10","guid":{"rendered":"https:\/\/larenspartner.ro\/product\/biopeptide-serum-spray-multifunkcionalis-peptid-szerum-spray\/"},"modified":"2024-09-25T10:51:53","modified_gmt":"2024-09-25T10:51:53","slug":"biopeptide-serum-spray-multifunkcionalis-peptid-szerum-spray","status":"publish","type":"product","link":"https:\/\/garofitakozmetika.hu\/ro\/product\/biopeptide-serum-spray-multifunkcionalis-peptid-szerum-spray\/","title":{"rendered":"Biopeptide Serum Spray &#8211; Multifunkcion\u00e1lis peptid sz\u00e9rum spray"},"content":{"rendered":"","protected":false},"excerpt":{"rendered":"<div class=\"details__short pbn ptxs spts mv0\">\n<p class=\"MsoNormal\">Multifunkcion\u00e1lis \u00e9s \u00e1tfog\u00f3 peptidsz\u00e9rum arcra, testre \u00e9s hajra. Regener\u00e1l, hidrat\u00e1l, enyh\u00edti az irrit\u00e1ci\u00f3kat, enyh\u00edti a b\u0151rprobl\u00e9m\u00e1kat \u00e9s v\u00e9d a k\u00fcls\u0151 t\u00e9nyez\u0151k ellen.<\/p>","protected":false},"featured_media":6447,"comment_status":"open","ping_status":"closed","template":"","meta":[],"pwb-brand":[152],"product_brand":[],"product_cat":[153],"product_tag":[150,149,154],"class_list":{"0":"post-6925","1":"product","2":"type-product","3":"status-publish","4":"has-post-thumbnail","6":"pwb-brand-larens","7":"product_cat-serum","8":"product_tag-arcapolas","9":"product_tag-larens-kozmeceutikumok","10":"product_tag-serum","13":"instock","14":"shipping-taxable","15":"purchasable","16":"product-type-variable","17":"product-grid-view"},"brands":[{"id":152,"name":"Larens","slug":"larens"}],"_links":{"self":[{"href":"https:\/\/garofitakozmetika.hu\/ro\/wp-json\/wp\/v2\/product\/6925","targetHints":{"allow":["GET"]}}],"collection":[{"href":"https:\/\/garofitakozmetika.hu\/ro\/wp-json\/wp\/v2\/product"}],"about":[{"href":"https:\/\/garofitakozmetika.hu\/ro\/wp-json\/wp\/v2\/types\/product"}],"replies":[{"embeddable":true,"href":"https:\/\/garofitakozmetika.hu\/ro\/wp-json\/wp\/v2\/comments?post=6925"}],"version-history":[{"count":0,"href":"https:\/\/garofitakozmetika.hu\/ro\/wp-json\/wp\/v2\/product\/6925\/revisions"}],"wp:featuredmedia":[{"embeddable":true,"href":"https:\/\/garofitakozmetika.hu\/ro\/wp-json\/wp\/v2\/media\/6447"}],"wp:attachment":[{"href":"https:\/\/garofitakozmetika.hu\/ro\/wp-json\/wp\/v2\/media?parent=6925"}],"wp:term":[{"taxonomy":"pwb-brand","embeddable":true,"href":"https:\/\/garofitakozmetika.hu\/ro\/wp-json\/wp\/v2\/pwb-brand?post=6925"},{"taxonomy":"product_brand","embeddable":true,"href":"https:\/\/garofitakozmetika.hu\/ro\/wp-json\/wp\/v2\/product_brand?post=6925"},{"taxonomy":"product_cat","embeddable":true,"href":"https:\/\/garofitakozmetika.hu\/ro\/wp-json\/wp\/v2\/product_cat?post=6925"},{"taxonomy":"product_tag","embeddable":true,"href":"https:\/\/garofitakozmetika.hu\/ro\/wp-json\/wp\/v2\/product_tag?post=6925"}],"curies":[{"name":"wp","href":"https:\/\/api.w.org\/{rel}","templated":true}]}}