{"id":6979,"date":"2024-09-25T10:52:59","date_gmt":"2024-09-25T10:52:59","guid":{"rendered":"https:\/\/larenspartner.ro\/product\/larens-colour-eyebrow-powder-szemoldokpuder\/"},"modified":"2024-09-25T10:53:02","modified_gmt":"2024-09-25T10:53:02","slug":"larens-colour-eyebrow-powder-szemoldokpuder","status":"publish","type":"product","link":"https:\/\/garofitakozmetika.hu\/ro\/product\/larens-colour-eyebrow-powder-szemoldokpuder\/","title":{"rendered":"Larens Colour Eyebrow Powder &#8211; Szem\u00f6ld\u00f6kp\u00fader"},"content":{"rendered":"","protected":false},"excerpt":{"rendered":"<div class=\"details__short pbn ptxs spts mv0\">\n<div>Szem\u00f6ld\u00f6kp\u00fader. Lehet\u0151v\u00e9 teszi a szem\u00f6ld\u00f6kvonal kiemel\u00e9s\u00e9t, meghat\u00e1roz\u00e1s\u00e1t vagy korrekci\u00f3j\u00e1t.<\/div>","protected":false},"featured_media":6607,"comment_status":"open","ping_status":"closed","template":"","meta":[],"pwb-brand":[191],"product_brand":[],"product_cat":[188],"product_tag":[189,190],"class_list":{"0":"post-6979","1":"product","2":"type-product","3":"status-publish","4":"has-post-thumbnail","6":"pwb-brand-larens-colour","7":"product_cat-smink-kozmetikumok-make-up-larens-colour","8":"product_tag-make-up-larens-colour","9":"product_tag-smink-kozmetikumok","12":"instock","13":"shipping-taxable","14":"purchasable","15":"product-type-variable","16":"product-grid-view"},"brands":[{"id":191,"name":"Larens Colour","slug":"larens-colour"}],"_links":{"self":[{"href":"https:\/\/garofitakozmetika.hu\/ro\/wp-json\/wp\/v2\/product\/6979","targetHints":{"allow":["GET"]}}],"collection":[{"href":"https:\/\/garofitakozmetika.hu\/ro\/wp-json\/wp\/v2\/product"}],"about":[{"href":"https:\/\/garofitakozmetika.hu\/ro\/wp-json\/wp\/v2\/types\/product"}],"replies":[{"embeddable":true,"href":"https:\/\/garofitakozmetika.hu\/ro\/wp-json\/wp\/v2\/comments?post=6979"}],"version-history":[{"count":0,"href":"https:\/\/garofitakozmetika.hu\/ro\/wp-json\/wp\/v2\/product\/6979\/revisions"}],"wp:featuredmedia":[{"embeddable":true,"href":"https:\/\/garofitakozmetika.hu\/ro\/wp-json\/wp\/v2\/media\/6607"}],"wp:attachment":[{"href":"https:\/\/garofitakozmetika.hu\/ro\/wp-json\/wp\/v2\/media?parent=6979"}],"wp:term":[{"taxonomy":"pwb-brand","embeddable":true,"href":"https:\/\/garofitakozmetika.hu\/ro\/wp-json\/wp\/v2\/pwb-brand?post=6979"},{"taxonomy":"product_brand","embeddable":true,"href":"https:\/\/garofitakozmetika.hu\/ro\/wp-json\/wp\/v2\/product_brand?post=6979"},{"taxonomy":"product_cat","embeddable":true,"href":"https:\/\/garofitakozmetika.hu\/ro\/wp-json\/wp\/v2\/product_cat?post=6979"},{"taxonomy":"product_tag","embeddable":true,"href":"https:\/\/garofitakozmetika.hu\/ro\/wp-json\/wp\/v2\/product_tag?post=6979"}],"curies":[{"name":"wp","href":"https:\/\/api.w.org\/{rel}","templated":true}]}}